{"id":8,"date":"2018-03-21T19:27:23","date_gmt":"2018-03-21T19:27:23","guid":{"rendered":"https:\/\/buchwinkler-holz.at\/?page_id=8"},"modified":"2025-11-24T09:20:59","modified_gmt":"2025-11-24T08:20:59","slug":"ueber-mich","status":"publish","type":"page","link":"https:\/\/buchwinkler-holz.at\/?page_id=8","title":{"rendered":"\u00dcber uns"},"content":{"rendered":"<h2>Historie<\/h2>\n<ul>\n<li>1946 wurde das Unternehmen von Jakob und Maria Buchwinkler gegr\u00fcndet. Schon damals wurde das Unternehmen auf den Standbeinen Transporte und Holzhandel aufgebaut.<\/li>\n<li>1981 wurde das Unternehmen von Manfred und Elisabeth Buchwinkler \u00fcbernommen und weitergef\u00fchrt, um es dann<\/li>\n<li>1986 um ein S\u00e4ge- und Hobelwerk zu erweitern<\/li>\n<li>1988 konnte das neu errungene S\u00e4ge- und Hobelwerk nach aufw\u00e4ndigen Reparatur- und Instandsetzungsarbeiten in Betrieb genommen werden<\/li>\n<li>Seither ist der Holzhandel und das S\u00e4ge- und Hobelwerk aufgrund laufender Neuinvestitionen ein modernes Familienunternehmen<\/li>\n<li>Seit 2003 ist auch die n\u00e4chste Generation voll t\u00e4tig und durch Markus Buchwinkler die Weiterf\u00fchrung des Unternehmens gesichert und die Gesch\u00e4ftsf\u00fchrung um eine Person erweitert<\/li>\n<li>2007 wurde eine Umstapel- und Sortieranlage neu errichtet<\/li>\n<li>2009 wurde eine neue automatisierte Bes\u00e4umungsanlage inkl Entsorgung eingeweiht<\/li>\n<li>Bestehende Anlagen wurden modernisiert: 2011 wurde die Gatterlinie ausgetauscht<\/li>\n<li>2013 wurde das Areal um einen weiteren Rundholzplatz erweitert.<br \/>\nHier ein Beitrag in Familiensache: 2018 wurde auf der Platzanh\u00f6he des neuen Rundholzplatzes eine L\u00e4rchenkapelle zum Gedenken an Jakob und Maria Buchwinkler errichtet und eingeweiht.<\/li>\n<li>Durch ein neu gebautes Heizwerk konnte 2017 damit auch die Trocknungskapazit\u00e4t erweitert werden<\/li>\n<li>Seit 2018 wurde die Gesch\u00e4ftsf\u00fchrung von Manfred an Markus Buchwinkler hauptverantwortlich \u00fcbertragen<\/li>\n<\/ul>\n<h2>Team<\/h2>\n<p>Wir k\u00f6nnen auf ein Team blicken, das sich auch in schwierigen Zeiten nicht aus der Ruhe bringen l\u00e4sst und dem Unternehmen tatkr\u00e4ftig zur Seite steht. Neben der Gesch\u00e4ftsf\u00fchrung durch Manfred &amp; Elisabeth und Markus &amp; Claudia Buchwinkler sind zur Zeit 5 Mitarbeiter Teil unseres Unternehmens.<\/p>\n<h2>Zertifizierungen<\/h2>\n<p><strong>PEFC Zertifizierung<\/strong><\/p>\n<p>Zertifikatsnr.: HFA-PEFC-COC-0621 (<a href=\"https:\/\/buchwinkler-holz.at\/wp-content\/uploads\/2023\/10\/Screenshot-2023-10-21-134600.jpg\">PEFC-Zertifikat_Buchwinkler<\/a>)<\/p>\n<p><strong>IPPC ISPM 15<\/strong><br \/>\n<strong>ATO 8277 HAT<\/strong> (Kennnummer)<\/p>\n<p>Allgemein beeideter und gerichtlich zertifizierter Sachverst\u00e4ndige \u2013 vertreten durch Elisabeth Buchwinkler<\/p>\n<h2>Standort<\/h2>\n<p>Unser \u00fcber 1 ha gro\u00dfer Produktionsstandort befindet sich in der Gewerbestra\u00dfe 9, 5166 Perwang am Grabensee<\/p>\n<p><img decoding=\"async\" loading=\"lazy\" src=\"https:\/\/buchwinkler-holz.at\/wp-content\/uploads\/2018\/09\/Ansicht3-300x169.jpg\" alt=\"\" class=\"alignnone size-medium wp-image-320\" width=\"300\" height=\"169\" srcset=\"https:\/\/buchwinkler-holz.at\/wp-content\/uploads\/2018\/09\/Ansicht3-300x169.jpg 300w, https:\/\/buchwinkler-holz.at\/wp-content\/uploads\/2018\/09\/Ansicht3-768x432.jpg 768w, https:\/\/buchwinkler-holz.at\/wp-content\/uploads\/2018\/09\/Ansicht3-1024x576.jpg 1024w, https:\/\/buchwinkler-holz.at\/wp-content\/uploads\/2018\/09\/Ansicht3.jpg 1920w\" sizes=\"(max-width: 300px) 100vw, 300px\" \/><\/p>\n<p>Das B\u00fcro, gef\u00fchrt von Markus Buchwinkler, befindet sich in der Salzburgerstra\u00dfe 4, 5166 Perwang am Grabensee<\/p>\n<p><img decoding=\"async\" loading=\"lazy\" class=\"alignnone wp-image-385 size-medium\" src=\"https:\/\/buchwinkler-holz.at\/wp-content\/uploads\/2020\/10\/Fassade-300x186.jpg\" alt=\"\" width=\"300\" height=\"186\" srcset=\"https:\/\/buchwinkler-holz.at\/wp-content\/uploads\/2020\/10\/Fassade-300x186.jpg 300w, https:\/\/buchwinkler-holz.at\/wp-content\/uploads\/2020\/10\/Fassade-768x477.jpg 768w, https:\/\/buchwinkler-holz.at\/wp-content\/uploads\/2020\/10\/Fassade-1024x636.jpg 1024w\" sizes=\"(max-width: 300px) 100vw, 300px\" \/><\/p>\n","protected":false},"excerpt":{"rendered":"<p>Historie 1946 wurde das Unternehmen von Jakob und Maria Buchwinkler gegr\u00fcndet. Schon damals wurde das Unternehmen auf den Standbeinen Transporte und Holzhandel aufgebaut. 1981 wurde das Unternehmen von Manfred und Elisabeth Buchwinkler \u00fcbernommen und weitergef\u00fchrt, um es dann 1986 um ein S\u00e4ge- und Hobelwerk zu erweitern 1988 konnte das neu [&hellip;]<\/p>\n","protected":false},"author":1,"featured_media":0,"parent":0,"menu_order":0,"comment_status":"closed","ping_status":"closed","template":"","meta":{"footnotes":""},"_links":{"self":[{"href":"https:\/\/buchwinkler-holz.at\/index.php?rest_route=\/wp\/v2\/pages\/8"}],"collection":[{"href":"https:\/\/buchwinkler-holz.at\/index.php?rest_route=\/wp\/v2\/pages"}],"about":[{"href":"https:\/\/buchwinkler-holz.at\/index.php?rest_route=\/wp\/v2\/types\/page"}],"author":[{"embeddable":true,"href":"https:\/\/buchwinkler-holz.at\/index.php?rest_route=\/wp\/v2\/users\/1"}],"replies":[{"embeddable":true,"href":"https:\/\/buchwinkler-holz.at\/index.php?rest_route=%2Fwp%2Fv2%2Fcomments&post=8"}],"version-history":[{"count":18,"href":"https:\/\/buchwinkler-holz.at\/index.php?rest_route=\/wp\/v2\/pages\/8\/revisions"}],"predecessor-version":[{"id":478,"href":"https:\/\/buchwinkler-holz.at\/index.php?rest_route=\/wp\/v2\/pages\/8\/revisions\/478"}],"wp:attachment":[{"href":"https:\/\/buchwinkler-holz.at\/index.php?rest_route=%2Fwp%2Fv2%2Fmedia&parent=8"}],"curies":[{"name":"wp","href":"https:\/\/api.w.org\/{rel}","templated":true}]}}