{"id":7,"date":"2018-03-21T19:27:23","date_gmt":"2018-03-21T19:27:23","guid":{"rendered":"https:\/\/buchwinkler-holz.at\/?page_id=7"},"modified":"2025-11-17T09:57:33","modified_gmt":"2025-11-17T08:57:33","slug":"startseite","status":"publish","type":"page","link":"https:\/\/buchwinkler-holz.at\/","title":{"rendered":"Startseite"},"content":{"rendered":"<h2 style=\"font-family: garamond, verdana, sans-serif; text-align: center;\"><span style=\"color: #055905;\"><strong>Willkommen auf unserer Homepage!<\/strong><\/span><\/h2>\n<h3 style=\"text-align: center;\"><span style=\"color: #055905;\">Wir stehen f\u00fcr hohe Qualit\u00e4t und ma\u00dfgeschneiderte L\u00f6sungen \u2013 wir freuen uns \u00fcber Ihre Kontaktaufnahme!<\/span><\/h3>\n<p style=\"text-align: center;\"><span style=\"color: #b06d00;\"><strong>Hier kommen Sie zu unserem Imagefilm:\u00a0<\/strong><\/span><\/p>\n<p><a href=\"https:\/\/youtu.be\/Atm2fzddfIo\"><img decoding=\"async\" loading=\"lazy\" src=\"https:\/\/buchwinkler-holz.at\/wp-content\/uploads\/2018\/03\/header-300x136.png\" alt=\"\" width=\"300\" height=\"136\" class=\"size-medium wp-image-66 aligncenter\" srcset=\"https:\/\/buchwinkler-holz.at\/wp-content\/uploads\/2018\/03\/header-300x136.png 300w, https:\/\/buchwinkler-holz.at\/wp-content\/uploads\/2018\/03\/header.png 448w\" sizes=\"(max-width: 300px) 100vw, 300px\" \/><\/a><\/p>\n<p style=\"text-align: center;\"><span style=\"color: #b06d09;\"><strong>H\u00f6henflug: Sehen Sie sich hier im Video unser Werk von oben an!<\/strong><\/span><\/p>\n<p style=\"text-align: center;\"><a href=\"https:\/\/buchwinkler-holz.at\/wp-content\/uploads\/2018\/09\/Rundflug-zur\u00fcck-CUT.mp4\"><img decoding=\"async\" loading=\"lazy\" src=\"https:\/\/buchwinkler-holz.at\/wp-content\/uploads\/2018\/09\/Ansicht3-300x169.jpg\" alt=\"\" class=\"alignnone size-medium wp-image-320\" width=\"300\" height=\"169\" srcset=\"https:\/\/buchwinkler-holz.at\/wp-content\/uploads\/2018\/09\/Ansicht3-300x169.jpg 300w, https:\/\/buchwinkler-holz.at\/wp-content\/uploads\/2018\/09\/Ansicht3-768x432.jpg 768w, https:\/\/buchwinkler-holz.at\/wp-content\/uploads\/2018\/09\/Ansicht3-1024x576.jpg 1024w, https:\/\/buchwinkler-holz.at\/wp-content\/uploads\/2018\/09\/Ansicht3.jpg 1920w\" sizes=\"(max-width: 300px) 100vw, 300px\" \/><\/a><a href=\"https:\/\/buchwinkler-holz.at\/wp-content\/uploads\/2018\/09\/Rundflug-zur\u00fcck-CUT.mp4\"><\/a><\/p>\n<figure><\/figure>\n<figure>\n\t\t<style type=\"text\/css\">\n\t\t\t#gallery-1 {\n\t\t\t\tmargin: auto;\n\t\t\t}\n\t\t\t#gallery-1 .gallery-item {\n\t\t\t\tfloat: left;\n\t\t\t\tmargin-top: 10px;\n\t\t\t\ttext-align: center;\n\t\t\t\twidth: 25%;\n\t\t\t}\n\t\t\t#gallery-1 img {\n\t\t\t\tborder: 2px solid #cfcfcf;\n\t\t\t}\n\t\t\t#gallery-1 .gallery-caption {\n\t\t\t\tmargin-left: 0;\n\t\t\t}\n\t\t\t\/* see gallery_shortcode() in wp-includes\/media.php *\/\n\t\t<\/style>\n\t\t<div id='gallery-1' class='gallery galleryid-7 gallery-columns-4 gallery-size-thumbnail'><dl class='gallery-item'>\n\t\t\t<dt class='gallery-icon landscape'>\n\t\t\t\t<a href='https:\/\/buchwinkler-holz.at\/?attachment_id=385'><img width=\"150\" height=\"150\" src=\"https:\/\/buchwinkler-holz.at\/wp-content\/uploads\/2020\/10\/Fassade-150x150.jpg\" class=\"attachment-thumbnail size-thumbnail\" alt=\"\" decoding=\"async\" loading=\"lazy\" \/><\/a>\n\t\t\t<\/dt><\/dl><dl class='gallery-item'>\n\t\t\t<dt class='gallery-icon landscape'>\n\t\t\t\t<a href='https:\/\/buchwinkler-holz.at\/?attachment_id=320'><img width=\"150\" height=\"150\" src=\"https:\/\/buchwinkler-holz.at\/wp-content\/uploads\/2018\/09\/Ansicht3-150x150.jpg\" class=\"attachment-thumbnail size-thumbnail\" alt=\"\" decoding=\"async\" loading=\"lazy\" \/><\/a>\n\t\t\t<\/dt><\/dl><dl class='gallery-item'>\n\t\t\t<dt class='gallery-icon portrait'>\n\t\t\t\t<a href='https:\/\/buchwinkler-holz.at\/?attachment_id=344'><img width=\"150\" height=\"150\" src=\"https:\/\/buchwinkler-holz.at\/wp-content\/uploads\/2018\/09\/Kapelle-150x150.jpg\" class=\"attachment-thumbnail size-thumbnail\" alt=\"\" decoding=\"async\" loading=\"lazy\" \/><\/a>\n\t\t\t<\/dt><\/dl><dl class='gallery-item'>\n\t\t\t<dt class='gallery-icon landscape'>\n\t\t\t\t<a href='https:\/\/buchwinkler-holz.at\/?attachment_id=322'><img width=\"150\" height=\"150\" src=\"https:\/\/buchwinkler-holz.at\/wp-content\/uploads\/2018\/09\/DSC_0092-150x150.jpg\" class=\"attachment-thumbnail size-thumbnail\" alt=\"\" decoding=\"async\" loading=\"lazy\" \/><\/a>\n\t\t\t<\/dt><\/dl><br style=\"clear: both\" \/><dl class='gallery-item'>\n\t\t\t<dt class='gallery-icon landscape'>\n\t\t\t\t<a href='https:\/\/buchwinkler-holz.at\/?attachment_id=324'><img width=\"150\" height=\"150\" src=\"https:\/\/buchwinkler-holz.at\/wp-content\/uploads\/2018\/09\/DSC_0085-150x150.jpg\" class=\"attachment-thumbnail size-thumbnail\" alt=\"\" decoding=\"async\" loading=\"lazy\" \/><\/a>\n\t\t\t<\/dt><\/dl><dl class='gallery-item'>\n\t\t\t<dt class='gallery-icon landscape'>\n\t\t\t\t<a href='https:\/\/buchwinkler-holz.at\/?attachment_id=323'><img width=\"150\" height=\"150\" src=\"https:\/\/buchwinkler-holz.at\/wp-content\/uploads\/2018\/09\/DSC_0070-150x150.jpg\" class=\"attachment-thumbnail size-thumbnail\" alt=\"\" decoding=\"async\" loading=\"lazy\" \/><\/a>\n\t\t\t<\/dt><\/dl><dl class='gallery-item'>\n\t\t\t<dt class='gallery-icon landscape'>\n\t\t\t\t<a href='https:\/\/buchwinkler-holz.at\/?attachment_id=325'><img width=\"150\" height=\"150\" src=\"https:\/\/buchwinkler-holz.at\/wp-content\/uploads\/2018\/09\/DSC_0088-150x150.jpg\" class=\"attachment-thumbnail size-thumbnail\" alt=\"\" decoding=\"async\" loading=\"lazy\" \/><\/a>\n\t\t\t<\/dt><\/dl><dl class='gallery-item'>\n\t\t\t<dt class='gallery-icon portrait'>\n\t\t\t\t<a href='https:\/\/buchwinkler-holz.at\/?attachment_id=343'><img width=\"150\" height=\"150\" src=\"https:\/\/buchwinkler-holz.at\/wp-content\/uploads\/2018\/09\/Foto-150x150.jpg\" class=\"attachment-thumbnail size-thumbnail\" alt=\"\" decoding=\"async\" loading=\"lazy\" \/><\/a>\n\t\t\t<\/dt><\/dl><br style=\"clear: both\" \/>\n\t\t<\/div>\n<\/figure>\n","protected":false},"excerpt":{"rendered":"<p>Willkommen auf unserer Homepage! Wir stehen f\u00fcr hohe Qualit\u00e4t und ma\u00dfgeschneiderte L\u00f6sungen \u2013 wir freuen uns \u00fcber Ihre Kontaktaufnahme! Hier kommen Sie zu unserem Imagefilm:\u00a0 H\u00f6henflug: Sehen Sie sich hier im Video unser Werk von oben an!<\/p>\n","protected":false},"author":1,"featured_media":0,"parent":0,"menu_order":0,"comment_status":"closed","ping_status":"closed","template":"","meta":{"footnotes":""},"_links":{"self":[{"href":"https:\/\/buchwinkler-holz.at\/index.php?rest_route=\/wp\/v2\/pages\/7"}],"collection":[{"href":"https:\/\/buchwinkler-holz.at\/index.php?rest_route=\/wp\/v2\/pages"}],"about":[{"href":"https:\/\/buchwinkler-holz.at\/index.php?rest_route=\/wp\/v2\/types\/page"}],"author":[{"embeddable":true,"href":"https:\/\/buchwinkler-holz.at\/index.php?rest_route=\/wp\/v2\/users\/1"}],"replies":[{"embeddable":true,"href":"https:\/\/buchwinkler-holz.at\/index.php?rest_route=%2Fwp%2Fv2%2Fcomments&post=7"}],"version-history":[{"count":38,"href":"https:\/\/buchwinkler-holz.at\/index.php?rest_route=\/wp\/v2\/pages\/7\/revisions"}],"predecessor-version":[{"id":476,"href":"https:\/\/buchwinkler-holz.at\/index.php?rest_route=\/wp\/v2\/pages\/7\/revisions\/476"}],"wp:attachment":[{"href":"https:\/\/buchwinkler-holz.at\/index.php?rest_route=%2Fwp%2Fv2%2Fmedia&parent=7"}],"curies":[{"name":"wp","href":"https:\/\/api.w.org\/{rel}","templated":true}]}}