{"id":42,"date":"2018-03-21T19:32:27","date_gmt":"2018-03-21T19:32:27","guid":{"rendered":"https:\/\/buchwinkler-holz.at\/?page_id=42"},"modified":"2018-09-28T20:25:38","modified_gmt":"2018-09-28T18:25:38","slug":"unsere-kunden","status":"publish","type":"page","link":"https:\/\/buchwinkler-holz.at\/?page_id=42","title":{"rendered":"Unsere Kunden"},"content":{"rendered":"<p>Unser Kundenbereich reicht von gro\u00dfen Hobelwerken und Holzindustrien \u00fcber Tischlereien, Fensterbauer und Zimmereien bis hin zu hobbym\u00e4\u00dfigen Hochbeetbastlern. Unsere naturbelassenen Nebenprodukte, wie S\u00e4gesp\u00e4ne und Hackschnitzel, werden sowohl von Landwirten, als auch von Biomassevertreiber im Gro\u00dfma\u00dfstab abgenommen.<\/p>\n","protected":false},"excerpt":{"rendered":"<p>Unser Kundenbereich reicht von gro\u00dfen Hobelwerken und Holzindustrien \u00fcber Tischlereien, Fensterbauer und Zimmereien bis hin zu hobbym\u00e4\u00dfigen Hochbeetbastlern. Unsere naturbelassenen Nebenprodukte, wie S\u00e4gesp\u00e4ne und Hackschnitzel, werden sowohl von Landwirten, als auch von Biomassevertreiber im Gro\u00dfma\u00dfstab abgenommen.<\/p>\n","protected":false},"author":1,"featured_media":0,"parent":0,"menu_order":0,"comment_status":"closed","ping_status":"closed","template":"","meta":{"footnotes":""},"_links":{"self":[{"href":"https:\/\/buchwinkler-holz.at\/index.php?rest_route=\/wp\/v2\/pages\/42"}],"collection":[{"href":"https:\/\/buchwinkler-holz.at\/index.php?rest_route=\/wp\/v2\/pages"}],"about":[{"href":"https:\/\/buchwinkler-holz.at\/index.php?rest_route=\/wp\/v2\/types\/page"}],"author":[{"embeddable":true,"href":"https:\/\/buchwinkler-holz.at\/index.php?rest_route=\/wp\/v2\/users\/1"}],"replies":[{"embeddable":true,"href":"https:\/\/buchwinkler-holz.at\/index.php?rest_route=%2Fwp%2Fv2%2Fcomments&post=42"}],"version-history":[{"count":5,"href":"https:\/\/buchwinkler-holz.at\/index.php?rest_route=\/wp\/v2\/pages\/42\/revisions"}],"predecessor-version":[{"id":316,"href":"https:\/\/buchwinkler-holz.at\/index.php?rest_route=\/wp\/v2\/pages\/42\/revisions\/316"}],"wp:attachment":[{"href":"https:\/\/buchwinkler-holz.at\/index.php?rest_route=%2Fwp%2Fv2%2Fmedia&parent=42"}],"curies":[{"name":"wp","href":"https:\/\/api.w.org\/{rel}","templated":true}]}}