{"id":268,"date":"2021-07-20T20:10:00","date_gmt":"2021-07-20T18:10:00","guid":{"rendered":"https:\/\/buchwinkler-holz.at\/?page_id=268"},"modified":"2021-07-20T20:12:11","modified_gmt":"2021-07-20T18:12:11","slug":"news","status":"publish","type":"page","link":"https:\/\/buchwinkler-holz.at\/?page_id=268","title":{"rendered":"News"},"content":{"rendered":"\n<p>Finden Sie in Untermen\u00fc-Seiten unsere aktuellen News! <br>Wir freuen uns von Ihnen zu h\u00f6ren! <\/p>\n\n\n\n<p><\/p>\n\n\n\n<p class=\"has-large-font-size\"><strong>MitarbeiterInnen gesucht!<\/strong><\/p>\n\n\n\n<p>F\u00fcr unser S\u00e4gewerk in Perwang am Grabensee suchen wir zum sofortigen <strong>Eintritt eine\/n engagierte\/n Mitarbeiter\/in<\/strong><\/p>\n\n\n\n<p>Das erwartet Sie:<br>* Bedienen einer vollautomatisierten Bes\u00e4umanlage<br>* St\u00f6rungsbehebung und Warten der Anlagen<br>* Lagersortierung und Stapelung<\/p>\n\n\n\n<p>Anforderungsprofil:<br>* Holzkenntnisse sind von Vorteil<br>* Staplerschein erw\u00fcnscht (kann auch nachgemacht werden)<br>* K\u00f6rperliche Belastbarkeit<br>* Lernf\u00e4higkeit, Selbst\u00e4ndigkeit, Flei\u00df<\/p>\n\n\n\n<p>Wir bieten:<br>* Sicheren Arbeitsplatz in der Region<br>* Langj\u00e4hriger Familienbetrieb \u2013 famili\u00e4res Betriebsklima<\/p>\n\n\n\n<p>Mindestentlohnung lt Kollektivvertrag der Holzverarbeitenden Industrie. Bereitschaft zur \u00dcberzahlung ist je nach Qualifikation und Berufserfahrung gegeben.<\/p>\n","protected":false},"excerpt":{"rendered":"<p>Finden Sie in Untermen\u00fc-Seiten unsere aktuellen News! Wir freuen uns von Ihnen zu h\u00f6ren! MitarbeiterInnen gesucht! F\u00fcr unser S\u00e4gewerk in Perwang am Grabensee suchen wir zum sofortigen Eintritt eine\/n engagierte\/n Mitarbeiter\/in Das erwartet Sie:* Bedienen einer vollautomatisierten Bes\u00e4umanlage* St\u00f6rungsbehebung und Warten der Anlagen* Lagersortierung und Stapelung Anforderungsprofil:* Holzkenntnisse sind von [&hellip;]<\/p>\n","protected":false},"author":2,"featured_media":0,"parent":0,"menu_order":0,"comment_status":"closed","ping_status":"closed","template":"","meta":{"footnotes":""},"_links":{"self":[{"href":"https:\/\/buchwinkler-holz.at\/index.php?rest_route=\/wp\/v2\/pages\/268"}],"collection":[{"href":"https:\/\/buchwinkler-holz.at\/index.php?rest_route=\/wp\/v2\/pages"}],"about":[{"href":"https:\/\/buchwinkler-holz.at\/index.php?rest_route=\/wp\/v2\/types\/page"}],"author":[{"embeddable":true,"href":"https:\/\/buchwinkler-holz.at\/index.php?rest_route=\/wp\/v2\/users\/2"}],"replies":[{"embeddable":true,"href":"https:\/\/buchwinkler-holz.at\/index.php?rest_route=%2Fwp%2Fv2%2Fcomments&post=268"}],"version-history":[{"count":5,"href":"https:\/\/buchwinkler-holz.at\/index.php?rest_route=\/wp\/v2\/pages\/268\/revisions"}],"predecessor-version":[{"id":439,"href":"https:\/\/buchwinkler-holz.at\/index.php?rest_route=\/wp\/v2\/pages\/268\/revisions\/439"}],"wp:attachment":[{"href":"https:\/\/buchwinkler-holz.at\/index.php?rest_route=%2Fwp%2Fv2%2Fmedia&parent=268"}],"curies":[{"name":"wp","href":"https:\/\/api.w.org\/{rel}","templated":true}]}}